{"id":3000,"date":"2025-05-20T12:59:50","date_gmt":"2025-05-20T10:59:50","guid":{"rendered":"https:\/\/merick.de\/?page_id=3000"},"modified":"2025-06-24T13:49:47","modified_gmt":"2025-06-24T11:49:47","slug":"fluks-details","status":"publish","type":"page","link":"https:\/\/merick.de\/index.php\/fluks-details\/","title":{"rendered":"fluks Details"},"content":{"rendered":"\n<p><\/p>\n\n\n\n<h2 class=\"wp-block-heading\"><strong>Ein- und Ausgabe Parameter der Konnektors<\/strong><\/h2>\n\n\n\n<div style=\"height:35px\" aria-hidden=\"true\" class=\"wp-block-spacer\"><\/div>\n\n\n\n<h2 class=\"wp-block-heading\">Trigger: <strong><strong>Objekt Event Benachrichtigung<\/strong><\/strong><\/h2>\n\n\n\n<h3 class=\"wp-block-heading\">Filter:<\/h3>\n\n\n\n<ul class=\"wp-block-list\">\n<li><strong>Account (Credential, erforderlich):<\/strong> Die MERICK Zugangsdaten bestehend aus Benutzernamen, Passwort und Organisationscode. Wird im Konrektor konfiguriert und im Workflow ausgew\u00e4hlt.<\/li>\n\n\n\n<li><strong>DOMUS ObjektNummer (String, optional):<\/strong> Die ObjektNummer von der Benachrichtigung gew\u00fcnscht werden. Dieser wird im MERICK System im Facility Objekt momentan noch manuell eingepflegt. Wir arbeiten momentan an einer L\u00f6sung \u00fcber DCC, um die Daten automatisch zu synchronisieren.<br>Wird keine ObjektNummer eingegeben reagiert der der Trigger auf alle Benachrichtigungen f\u00fcr die Organisation.<\/li>\n<\/ul>\n\n\n\n<h3 class=\"wp-block-heading\">R\u00fcckgabewerte:<\/h3>\n\n\n\n<ul class=\"wp-block-list\">\n<li><strong>OrganisationCode (String):<\/strong> MERICK Organisation Code<\/li>\n\n\n\n<li><strong>ObjectId (String):<\/strong> MERICK Objekt Id<\/li>\n\n\n\n<li><strong>ExternalId (String):<\/strong> &#8222;External Id (Facility)\u201c&nbsp;<\/li>\n\n\n\n<li><strong>FacilityName (String): <\/strong>Objekt Name (Facility)<\/li>\n\n\n\n<li><strong>Level (Nummer):<\/strong> Alarmstufe (0:OK, 1:Info, 2:Warnung, 3:Kritisch, 4: Unbekannt)<\/li>\n\n\n\n<li><strong>AlertText (String):<\/strong> Alarmstufe Beschreibung<\/li>\n\n\n\n<li><strong>Message (String): <\/strong>Alarm Nachricht<\/li>\n\n\n\n<li><strong>DeviceId (String): <\/strong>Ger\u00e4te Id<\/li>\n\n\n\n<li><strong>DeviceName (String): <\/strong>Ger\u00e4tename<\/li>\n\n\n\n<li><strong>ObjectNummer<\/strong> <strong>(String): <\/strong>DOMUSObjectNummer<\/li>\n\n\n\n<li><strong>KreisNummer (String): <\/strong>DOMUSKreisNummer (nur wenn eingepflegt)<\/li>\n\n\n\n<li><strong>MandantenNummer<\/strong> <strong>(String): <\/strong>DOMUSMandantenNummer (nur wenn eingepflegt)<\/li>\n<\/ul>\n\n\n\n<div style=\"height:35px\" aria-hidden=\"true\" class=\"wp-block-spacer\"><\/div>\n\n\n\n<h2 class=\"wp-block-heading\">Action: <strong><strong>Z\u00e4hlerst\u00e4nde f\u00fcr ein Objekt<\/strong><\/strong>&nbsp;<\/h2>\n\n\n\n<h3 class=\"wp-block-heading\">Parameter:<\/h3>\n\n\n\n<ul class=\"wp-block-list\">\n<li><strong>Account (Credential, erforderlich):<\/strong> Die MERICK Zugangsdaten bestehend aus Benutzernamen, Passwort und Organisationscode. Wird im Konrektor konfiguriert und im Workflow ausgew\u00e4hlt.<\/li>\n\n\n\n<li><strong>DOMUS ObjektNummer (String, erforderlich):<\/strong> Die Objektnummer von dem die Z\u00e4hlerst\u00e4nde aller verf\u00fcgbaren Z\u00e4hler gew\u00fcnscht werden. Dieser wird im MERICK System im Facility Objekt momentan noch manuell eingepflegt. Wir arbeiten momentan an einer L\u00f6sung \u00fcber DCC, um die Daten automatisch zu synchronisieren.<\/li>\n\n\n\n<li><strong>Datum (String, erforderlich):<\/strong> Das Datum, an dem der Z\u00e4hlerstand ben\u00f6tigt wird. (siehe Datumsformat)<\/li>\n<\/ul>\n\n\n\n<h3 class=\"wp-block-heading\">R\u00fcckgabewerte:<\/h3>\n\n\n\n<ul class=\"wp-block-list\">\n<li><strong>Facility Total Eintr\u00e4ge (Array): <\/strong>Liefert eine Liste mit allen Z\u00e4hlern und deren Werten zur\u00fcck.\n<ul class=\"wp-block-list\">\n<li><strong>totalId (String):<\/strong> Interne Referenznummer<\/li>\n\n\n\n<li><strong>date (String): <\/strong>Datumdes Z\u00e4hlerstandes<\/li>\n\n\n\n<li><strong>sensorId (String):<\/strong> MERICK Sensor Id<\/li>\n\n\n\n<li><strong>name (String):<\/strong> MERICK Sensor Name&nbsp;<\/li>\n\n\n\n<li><strong>value (String): <\/strong>Z\u00e4hlerstand<\/li>\n\n\n\n<li><strong>unit (String):<\/strong> Einheit des Wertes, z.B. kWh oder m3<\/li>\n\n\n\n<li><strong>description (String):<\/strong> Beschreibung des Wertes<\/li>\n\n\n\n<li><strong>meterInfo (String): <\/strong>Z\u00e4hlerinformation, \u00fcblicherweise die Z\u00e4hlernummer&nbsp;<\/li>\n\n\n\n<li><strong>type (String): <\/strong>Art der Z\u00e4hlers ( Strom, Gas, Wasser, W\u00e4rme, Temperatur, Leckage, Druck, F\u00fcllstand, Luftqualit\u00e4t, Generic, Umwelt, Gateway, Warmwasser)<\/li>\n\n\n\n<li><strong>externalFacilityId (String): <\/strong>Ein externer Id f\u00fcr die Facility&nbsp;<\/li>\n\n\n\n<li><strong>facilityName (String): <\/strong>MERICK Name des Objekts<\/li>\n\n\n\n<li><strong>obis (String): <\/strong>OBIS Nummer des Z\u00e4hlerwertes z.B. 1-0:1.8.0<\/li>\n\n\n\n<li><strong>maloId (String): <\/strong>Marktlokations ID&nbsp;<\/li>\n\n\n\n<li><strong>objectNumber: <\/strong>DOMUS Objektnummer&nbsp;<\/li>\n<\/ul>\n<\/li>\n<\/ul>\n\n\n\n<div style=\"height:35px\" aria-hidden=\"true\" class=\"wp-block-spacer\"><\/div>\n\n\n\n<h2 class=\"wp-block-heading\">Action: <strong><strong>Z\u00e4hlerst\u00e4nde f\u00fcr ein <strong>Kreis<\/strong><\/strong><\/strong>&nbsp;<\/h2>\n\n\n\n<h3 class=\"wp-block-heading\">Parameter:<\/h3>\n\n\n\n<ul class=\"wp-block-list\">\n<li><strong>Account (Credential, erforderlich):<\/strong> Die MERICK Zugangsdaten bestehend aus Benutzernamen, Passwort und Organisationscode. Wird im Konrektor konfiguriert und im Workflow ausgew\u00e4hlt.<\/li>\n\n\n\n<li><strong>DOMUS KreisNummer (String, erforderlich):<\/strong> Die KreisNummer, von der die Z\u00e4hlerst\u00e4nde aller verf\u00fcgbaren Z\u00e4hler gew\u00fcnscht werden. Dieser wird im MERICK System im Facility Objekt momentan noch manuell eingepflegt. Wir arbeiten momentan an einer L\u00f6sung \u00fcber DCC, um die Daten automatisch zu synchronisieren.<\/li>\n\n\n\n<li><strong>Datum (String, erforderlich):<\/strong> Das Datum, an dem der Z\u00e4hlerstand ben\u00f6tigt wird. (siehe Datumsformat)<\/li>\n<\/ul>\n\n\n\n<h3 class=\"wp-block-heading\">R\u00fcckgabewerte:<\/h3>\n\n\n\n<ul class=\"wp-block-list\">\n<li><strong>Facility Total Eintr\u00e4ge (Array): <\/strong>Liefert eine Liste mit allen Z\u00e4hlern und deren Werten zur\u00fcck.\n<ul class=\"wp-block-list\">\n<li><strong>totalId (String):<\/strong> Interne Referenznummer<\/li>\n\n\n\n<li><strong>date (String): <\/strong>Datumdes Z\u00e4hlerstandes<\/li>\n\n\n\n<li><strong>sensorId (String):<\/strong> MERICK Sensor Id<\/li>\n\n\n\n<li><strong>name (String):<\/strong> MERICK Sensor Name&nbsp;<\/li>\n\n\n\n<li><strong>value (String): <\/strong>Z\u00e4hlerstand<\/li>\n\n\n\n<li><strong>unit (String):<\/strong> Einheit des Wertes, z.B. kWh oder m3<\/li>\n\n\n\n<li><strong>description (String):<\/strong> Beschreibung des Wertes<\/li>\n\n\n\n<li><strong>meterInfo (String): <\/strong>Z\u00e4hlerinformation, \u00fcblicherweise die Z\u00e4hlernummer&nbsp;<\/li>\n\n\n\n<li><strong>type (String): <\/strong>Art der Z\u00e4hlers ( Strom, Gas, Wasser, W\u00e4rme, Temperatur, Leckage, Druck, F\u00fcllstand, Luftqualit\u00e4t, Generic, Umwelt, Gateway, Warmwasser)<\/li>\n\n\n\n<li><strong>externalFacilityId (String): <\/strong>Ein externer Id f\u00fcr die Facility&nbsp;<\/li>\n\n\n\n<li><strong>facilityName (String): <\/strong>MERICK Name des Objekts<\/li>\n\n\n\n<li><strong>obis (String): <\/strong>OBIS Nummer des Z\u00e4hlerwertes z.B. 1-0:1.8.0<\/li>\n\n\n\n<li><strong>maloId (String): <\/strong>Marktlokations ID&nbsp;<\/li>\n\n\n\n<li><strong>objectNumber: <\/strong>DOMUS Objektnummer&nbsp;<\/li>\n<\/ul>\n<\/li>\n<\/ul>\n\n\n\n<div style=\"height:35px\" aria-hidden=\"true\" class=\"wp-block-spacer\"><\/div>\n\n\n\n<h2 class=\"wp-block-heading\">Action: <strong><strong>Z\u00e4hlerst\u00e4nde f\u00fcr ein <strong><strong>Mandanten<\/strong><\/strong><\/strong><\/strong>&nbsp;<\/h2>\n\n\n\n<h3 class=\"wp-block-heading\">Parameter:<\/h3>\n\n\n\n<ul class=\"wp-block-list\">\n<li><strong>Account (Credential, erforderlich):<\/strong> Die MERICK Zugangsdaten bestehend aus Benutzernamen, Passwort und Organisationscode. Wird im Konrektor konfiguriert und im Workflow ausgew\u00e4hlt.<\/li>\n\n\n\n<li><strong>DOMUS MandantenNummer (String, erforderlich):<\/strong> Die MandantenNummer von dem die Z\u00e4hlerst\u00e4nde aller verf\u00fcgbaren Z\u00e4hler gew\u00fcnscht werden. Dieser wird im MERICK System im Facility Objekt momentan noch manuell eingepflegt. Wir arbeiten an derzeit an einer L\u00f6sung \u00fcber DCC um die Daten automatisch zu synchronisieren.<\/li>\n\n\n\n<li><strong>Datum (String, erforderlich):<\/strong> Das Datum, an dem der Z\u00e4hlerstand ben\u00f6tigt wird. (siehe Datumsformat)<\/li>\n<\/ul>\n\n\n\n<h3 class=\"wp-block-heading\">R\u00fcckgabewerte:<\/h3>\n\n\n\n<ul class=\"wp-block-list\">\n<li><strong>Facility Total Eintr\u00e4ge (Array): <\/strong>Liefert eine Liste mit allen Z\u00e4hlern und deren Werten zur\u00fcck.\n<ul class=\"wp-block-list\">\n<li><strong>totalId (String):<\/strong> Interne Referenznummer<\/li>\n\n\n\n<li><strong>date (String): <\/strong>Datumdes Z\u00e4hlerstandes<\/li>\n\n\n\n<li><strong>sensorId (String):<\/strong> MERICK Sensor Id<\/li>\n\n\n\n<li><strong>name (String):<\/strong> MERICK Sensor Name&nbsp;<\/li>\n\n\n\n<li><strong>value (String): <\/strong>Z\u00e4hlerstand<\/li>\n\n\n\n<li><strong>unit (String):<\/strong> Einheit des Wertes, z.B. kWh oder m3<\/li>\n\n\n\n<li><strong>description (String):<\/strong> Beschreibung des Wertes<\/li>\n\n\n\n<li><strong>meterInfo (String): <\/strong>Z\u00e4hlerinformation, \u00fcblicherweise die Z\u00e4hlernummer&nbsp;<\/li>\n\n\n\n<li><strong>type (String): <\/strong>Art der Z\u00e4hlers ( Strom, Gas, Wasser, W\u00e4rme, Temperatur, Leckage, Druck, F\u00fcllstand, Luftqualit\u00e4t, Generic, Umwelt, Gateway, Warmwasser)<\/li>\n\n\n\n<li><strong>externalFacilityId (String): <\/strong>Ein externer Id f\u00fcr die Facility&nbsp;<\/li>\n\n\n\n<li><strong>facilityName (String): <\/strong>MERICK Name des Objekts<\/li>\n\n\n\n<li><strong>obis (String): <\/strong>OBIS Nummer des Z\u00e4hlerwertes z.B. 1-0:1.8.0<\/li>\n\n\n\n<li><strong>maloId (String): <\/strong>Marktlokations ID&nbsp;<\/li>\n\n\n\n<li><strong>objectNumber: <\/strong>DOMUS Objektnummer&nbsp;<\/li>\n<\/ul>\n<\/li>\n<\/ul>\n\n\n\n<div style=\"height:35px\" aria-hidden=\"true\" class=\"wp-block-spacer\"><\/div>\n\n\n\n<h2 class=\"wp-block-heading\">Datumsformat<\/h2>\n\n\n\n<p>Das Datum kann in ISO8601 Notation (YYYY-MM-DD) auch mit Zeit und Zeitzonen Informationen (werden ignoriert)&nbsp; oder in der deutschen Schreibweise (DD.MM.YYYY) \u00fcbergeben werden.<\/p>\n\n\n\n<p><\/p>\n","protected":false},"excerpt":{"rendered":"<p>Ein- und Ausgabe Parameter der Konnektors Trigger: Objekt Event Benachrichtigung Filter: R\u00fcckgabewerte: Action: Z\u00e4hlerst\u00e4nde f\u00fcr ein Objekt&nbsp; Parameter: R\u00fcckgabewerte: Action: Z\u00e4hlerst\u00e4nde f\u00fcr ein Kreis&nbsp; Parameter: R\u00fcckgabewerte: Action: Z\u00e4hlerst\u00e4nde f\u00fcr ein Mandanten&nbsp; Parameter: R\u00fcckgabewerte: Datumsformat Das Datum kann in ISO8601 Notation (YYYY-MM-DD) auch mit Zeit und&#8230;<\/p>\n","protected":false},"author":1,"featured_media":0,"parent":0,"menu_order":0,"comment_status":"closed","ping_status":"closed","template":"","meta":{"footnotes":""},"class_list":["post-3000","page","type-page","status-publish","hentry"],"_links":{"self":[{"href":"https:\/\/merick.de\/index.php\/wp-json\/wp\/v2\/pages\/3000","targetHints":{"allow":["GET"]}}],"collection":[{"href":"https:\/\/merick.de\/index.php\/wp-json\/wp\/v2\/pages"}],"about":[{"href":"https:\/\/merick.de\/index.php\/wp-json\/wp\/v2\/types\/page"}],"author":[{"embeddable":true,"href":"https:\/\/merick.de\/index.php\/wp-json\/wp\/v2\/users\/1"}],"replies":[{"embeddable":true,"href":"https:\/\/merick.de\/index.php\/wp-json\/wp\/v2\/comments?post=3000"}],"version-history":[{"count":5,"href":"https:\/\/merick.de\/index.php\/wp-json\/wp\/v2\/pages\/3000\/revisions"}],"predecessor-version":[{"id":3046,"href":"https:\/\/merick.de\/index.php\/wp-json\/wp\/v2\/pages\/3000\/revisions\/3046"}],"wp:attachment":[{"href":"https:\/\/merick.de\/index.php\/wp-json\/wp\/v2\/media?parent=3000"}],"curies":[{"name":"wp","href":"https:\/\/api.w.org\/{rel}","templated":true}]}}