{"id":2699,"date":"2023-11-18T09:39:55","date_gmt":"2023-11-18T08:39:55","guid":{"rendered":"https:\/\/merick.de\/?page_id=2699"},"modified":"2026-02-05T10:45:41","modified_gmt":"2026-02-05T09:45:41","slug":"news","status":"publish","type":"page","link":"https:\/\/merick.de\/index.php\/news\/","title":{"rendered":"News"},"content":{"rendered":"<ul class=\"wp-block-latest-posts__list is-grid columns-3 wp-block-latest-posts\"><li><div class=\"wp-block-latest-posts__featured-image\"><a href=\"https:\/\/merick.de\/index.php\/2025\/07\/01\/fluks-konnektor\/\" aria-label=\"fluks Konnektor\"><img loading=\"lazy\" decoding=\"async\" width=\"300\" height=\"226\" src=\"https:\/\/merick.de\/wp-content\/uploads\/2025\/07\/MERICK_fluks_DOMUS-300x226.jpg\" class=\"attachment-medium size-medium wp-post-image\" alt=\"\" style=\"\" srcset=\"https:\/\/merick.de\/wp-content\/uploads\/2025\/07\/MERICK_fluks_DOMUS-300x226.jpg 300w, https:\/\/merick.de\/wp-content\/uploads\/2025\/07\/MERICK_fluks_DOMUS.jpg 374w\" sizes=\"auto, (max-width: 300px) 100vw, 300px\" \/><\/a><\/div><a class=\"wp-block-latest-posts__post-title\" href=\"https:\/\/merick.de\/index.php\/2025\/07\/01\/fluks-konnektor\/\">fluks Konnektor<\/a><div class=\"wp-block-latest-posts__post-excerpt\">Der neue MERICK fluks Konnektor erm\u00f6glicht es, Z\u00e4hlerst\u00e4nde von Objekten, die mit der MERICK Fernmeldetechnik ausgestattet sind, direkt in DOMUS zu einem beliebigen Stichtag abzurufen oder automatisch Benachrichtigungen zu beispielsweise einem Heizungsausfall oder Wassereinbruch zu empfangen. Dieser Konnektor kann in der Hausverwaltung viel Zeit einsparen!<\/div><\/li>\n<li><div class=\"wp-block-latest-posts__featured-image\"><a href=\"https:\/\/merick.de\/index.php\/2024\/03\/20\/zaehler-blitzdingsbums-app\/\" aria-label=\"Z\u00e4hler Blitzdingsbums App\"><img loading=\"lazy\" decoding=\"async\" width=\"300\" height=\"300\" src=\"https:\/\/merick.de\/wp-content\/uploads\/2024\/03\/BlitzdingsbumsApp_with_meter_square-300x300.png\" class=\"attachment-medium size-medium wp-post-image\" alt=\"\" style=\"\" srcset=\"https:\/\/merick.de\/wp-content\/uploads\/2024\/03\/BlitzdingsbumsApp_with_meter_square-300x300.png 300w, https:\/\/merick.de\/wp-content\/uploads\/2024\/03\/BlitzdingsbumsApp_with_meter_square-1024x1024.png 1024w, https:\/\/merick.de\/wp-content\/uploads\/2024\/03\/BlitzdingsbumsApp_with_meter_square-150x150.png 150w, https:\/\/merick.de\/wp-content\/uploads\/2024\/03\/BlitzdingsbumsApp_with_meter_square-768x768.png 768w, https:\/\/merick.de\/wp-content\/uploads\/2024\/03\/BlitzdingsbumsApp_with_meter_square-550x550.png 550w, https:\/\/merick.de\/wp-content\/uploads\/2024\/03\/BlitzdingsbumsApp_with_meter_square-1000x1000.png 1000w, https:\/\/merick.de\/wp-content\/uploads\/2024\/03\/BlitzdingsbumsApp_with_meter_square.png 1239w\" sizes=\"auto, (max-width: 300px) 100vw, 300px\" \/><\/a><\/div><a class=\"wp-block-latest-posts__post-title\" href=\"https:\/\/merick.de\/index.php\/2024\/03\/20\/zaehler-blitzdingsbums-app\/\">Z\u00e4hler Blitzdingsbums App<\/a><div class=\"wp-block-latest-posts__post-excerpt\">In Kooperation mit der Clever Home Labs GmbH haben wir nun unsere Z\u00e4hler Blitzdingsbums App in den Apple AppStore f\u00fcr alle zur Verf\u00fcgung gestellt. Die Z\u00e4hler Blitzdingsbums App ist ein kleines Hilfsmittel um die Eingabe der Pin an Modernen Messeinrichtungen (Stromz\u00e4hlern) zu vereinfachen. \u00dcblicherweise wird&#8230;<\/div><\/li>\n<li><div class=\"wp-block-latest-posts__featured-image\"><a href=\"https:\/\/merick.de\/index.php\/2024\/01\/30\/frank-setzt-merick-technik-ein\/\" aria-label=\"FRANK setzt auf MERICK Technik\"><img loading=\"lazy\" decoding=\"async\" width=\"300\" height=\"71\" src=\"https:\/\/merick.de\/wp-content\/uploads\/2024\/01\/frank-logo_vspace-300x71.png\" class=\"attachment-medium size-medium wp-post-image\" alt=\"\" style=\"\" srcset=\"https:\/\/merick.de\/wp-content\/uploads\/2024\/01\/frank-logo_vspace-300x71.png 300w, https:\/\/merick.de\/wp-content\/uploads\/2024\/01\/frank-logo_vspace-768x183.png 768w, https:\/\/merick.de\/wp-content\/uploads\/2024\/01\/frank-logo_vspace.png 1024w\" sizes=\"auto, (max-width: 300px) 100vw, 300px\" \/><\/a><\/div><a class=\"wp-block-latest-posts__post-title\" href=\"https:\/\/merick.de\/index.php\/2024\/01\/30\/frank-setzt-merick-technik-ein\/\">FRANK setzt auf MERICK Technik<\/a><div class=\"wp-block-latest-posts__post-excerpt\">Unser Gesch\u00e4ftspartner FRANK setzt im innovativen &#8222;helling*&#8220;- Quartier MERICK Technik ein, um die W\u00e4rmemengen-Z\u00e4hler der 149 Wohnungen abzulesen. Dieses vorzeige Klima-Projekt verwendet PV Anlagen und W\u00e4rmepumpen Technik mit der Besonderheit die W\u00e4rme aus der Restenergie des Abwassers zu gewinnen. Wir unterst\u00fctzen FRANK auch bei der&#8230;<\/div><\/li>\n<li><div class=\"wp-block-latest-posts__featured-image\"><a href=\"https:\/\/merick.de\/index.php\/2023\/11\/18\/merick-unterstuetzt-bald-fluks\/\" aria-label=\"MERICK unterst\u00fctzt bald fluks\"><img loading=\"lazy\" decoding=\"async\" width=\"300\" height=\"300\" src=\"https:\/\/merick.de\/wp-content\/uploads\/2023\/11\/9c3a3d26_2b68_49b9_8ea2_48078d596465-300x300.png\" class=\"attachment-medium size-medium wp-post-image\" alt=\"\" style=\"\" srcset=\"https:\/\/merick.de\/wp-content\/uploads\/2023\/11\/9c3a3d26_2b68_49b9_8ea2_48078d596465-300x300.png 300w, https:\/\/merick.de\/wp-content\/uploads\/2023\/11\/9c3a3d26_2b68_49b9_8ea2_48078d596465-150x150.png 150w, https:\/\/merick.de\/wp-content\/uploads\/2023\/11\/9c3a3d26_2b68_49b9_8ea2_48078d596465.png 320w\" sizes=\"auto, (max-width: 300px) 100vw, 300px\" \/><\/a><\/div><a class=\"wp-block-latest-posts__post-title\" href=\"https:\/\/merick.de\/index.php\/2023\/11\/18\/merick-unterstuetzt-bald-fluks\/\">MERICK unterst\u00fctzt bald fluks<\/a><div class=\"wp-block-latest-posts__post-excerpt\">MERICK ist Partner von Cloud Klabauter und entwickelt einen Konnektor f\u00fcr fluks (vormals Kalypso). fluks bietet die M\u00f6glichkeit eine Vielzahl von Arbeitsschritten \u00fcber Produktgrenzen hinaus zu automatisieren. Somit werden Produkte, die in bspw. Verwaltungsunternehmen eingesetzt werden, miteinander vernetzt. https:\/\/www.cloudklabauter.de Wir arbeiten gerade daran Ihnen die&#8230;<\/div><\/li>\n<li><div class=\"wp-block-latest-posts__featured-image\"><a href=\"https:\/\/merick.de\/index.php\/2023\/11\/18\/31-pantaenius-immobilientagung\/\" aria-label=\"31. Pantaenius-Immobilientagung\"><img loading=\"lazy\" decoding=\"async\" width=\"300\" height=\"157\" src=\"https:\/\/merick.de\/wp-content\/uploads\/2023\/11\/LinkedIn_1200x628_HH31-300x157.png\" class=\"attachment-medium size-medium wp-post-image\" alt=\"\" style=\"\" srcset=\"https:\/\/merick.de\/wp-content\/uploads\/2023\/11\/LinkedIn_1200x628_HH31-300x157.png 300w, https:\/\/merick.de\/wp-content\/uploads\/2023\/11\/LinkedIn_1200x628_HH31-1024x536.png 1024w, https:\/\/merick.de\/wp-content\/uploads\/2023\/11\/LinkedIn_1200x628_HH31-768x402.png 768w, https:\/\/merick.de\/wp-content\/uploads\/2023\/11\/LinkedIn_1200x628_HH31.png 1200w\" sizes=\"auto, (max-width: 300px) 100vw, 300px\" \/><\/a><\/div><a class=\"wp-block-latest-posts__post-title\" href=\"https:\/\/merick.de\/index.php\/2023\/11\/18\/31-pantaenius-immobilientagung\/\">31. Pantaenius-Immobilientagung<\/a><div class=\"wp-block-latest-posts__post-excerpt\">MERICK war auch dieses Jahr wieder auf der 31. Pantaenius-Immobilientagung in Hamburg mit dabei. Neben den vielen Beitr\u00e4gen der Tagung haben sich auch viele Teilnehmer \u00fcber die M\u00f6glichkeiten der digitalen Erfassung von Energie- und Ressourcenz\u00e4hlen so wie Leckage Warnungen bei uns am Stand informiert.<\/div><\/li>\n<\/ul>\n\n\n<div style=\"height:26px\" aria-hidden=\"true\" class=\"wp-block-spacer\"><\/div>\n\n\n<ul class=\"wp-block-archives-list wp-block-archives\">\t<li><a href='https:\/\/merick.de\/index.php\/2025\/07\/'>Juli 2025<\/a><\/li>\n\t<li><a href='https:\/\/merick.de\/index.php\/2024\/03\/'>M\u00e4rz 2024<\/a><\/li>\n\t<li><a href='https:\/\/merick.de\/index.php\/2024\/01\/'>Januar 2024<\/a><\/li>\n\t<li><a href='https:\/\/merick.de\/index.php\/2023\/11\/'>November 2023<\/a><\/li>\n\t<li><a href='https:\/\/merick.de\/index.php\/2023\/06\/'>Juni 2023<\/a><\/li>\n<\/ul>","protected":false},"excerpt":{"rendered":"","protected":false},"author":1,"featured_media":0,"parent":0,"menu_order":0,"comment_status":"closed","ping_status":"closed","template":"","meta":{"footnotes":""},"class_list":["post-2699","page","type-page","status-publish","hentry"],"_links":{"self":[{"href":"https:\/\/merick.de\/index.php\/wp-json\/wp\/v2\/pages\/2699","targetHints":{"allow":["GET"]}}],"collection":[{"href":"https:\/\/merick.de\/index.php\/wp-json\/wp\/v2\/pages"}],"about":[{"href":"https:\/\/merick.de\/index.php\/wp-json\/wp\/v2\/types\/page"}],"author":[{"embeddable":true,"href":"https:\/\/merick.de\/index.php\/wp-json\/wp\/v2\/users\/1"}],"replies":[{"embeddable":true,"href":"https:\/\/merick.de\/index.php\/wp-json\/wp\/v2\/comments?post=2699"}],"version-history":[{"count":10,"href":"https:\/\/merick.de\/index.php\/wp-json\/wp\/v2\/pages\/2699\/revisions"}],"predecessor-version":[{"id":3087,"href":"https:\/\/merick.de\/index.php\/wp-json\/wp\/v2\/pages\/2699\/revisions\/3087"}],"wp:attachment":[{"href":"https:\/\/merick.de\/index.php\/wp-json\/wp\/v2\/media?parent=2699"}],"curies":[{"name":"wp","href":"https:\/\/api.w.org\/{rel}","templated":true}]}}